{"id":870,"date":"2024-01-15T15:26:00","date_gmt":"2024-01-15T15:26:00","guid":{"rendered":"https:\/\/momajavea.testdcip.com\/?post_type=product&#038;p=870"},"modified":"2024-08-19T08:40:14","modified_gmt":"2024-08-19T08:40:14","slug":"adaptasun-leche-corporal-sol-moderado-200ml-institut-esthederm","status":"publish","type":"product","link":"https:\/\/momajavea.com\/en\/producto\/adaptasun-leche-corporal-sol-moderado-200ml-institut-esthederm\/","title":{"rendered":"Adaptasun leche corporal Sol Moderado 200ml &#8211; INSTITUT ESTHEDERM"},"content":{"rendered":"<p>Descripci\u00f3n <\/p>\n<p>Lait protecteur corps ADAPTASUN Soleil mod\u00e9r\u00e9 aporta a la piel lo que necesita para mantenerse protegida, perfectamente hidratada y radiante de juventud, a la vez que favorece un bronceado luminoso, r\u00e1pido, intenso y duradero.<\/p>\n<p> Modo de uso <\/p>\n<p>Aplicar abundantemente Leche ADAPTASUN en el cuerpo 20 minutos antes de la exposici\u00f3n solar. Volver a aplicar cada 2 horas y despu\u00e9s de cada ba\u00f1o.<\/p>\n","protected":false},"excerpt":{"rendered":"<p><strong>LA LECHE SOLAR HIDRATANTE PARA UN BRONCEADO DE LARGA DURACI\u00d3N.<\/strong><\/p>\n","protected":false},"featured_media":871,"comment_status":"open","ping_status":"closed","template":"","meta":{"_joinchat":[]},"product_brand":[],"product_cat":[76],"product_tag":[],"class_list":{"0":"post-870","1":"product","2":"type-product","3":"status-publish","4":"has-post-thumbnail","6":"product_cat-solares-esthederm","8":"first","9":"instock","10":"shipping-taxable","11":"purchasable","12":"product-type-simple"},"_links":{"self":[{"href":"https:\/\/momajavea.com\/en\/wp-json\/wp\/v2\/product\/870","targetHints":{"allow":["GET"]}}],"collection":[{"href":"https:\/\/momajavea.com\/en\/wp-json\/wp\/v2\/product"}],"about":[{"href":"https:\/\/momajavea.com\/en\/wp-json\/wp\/v2\/types\/product"}],"replies":[{"embeddable":true,"href":"https:\/\/momajavea.com\/en\/wp-json\/wp\/v2\/comments?post=870"}],"wp:featuredmedia":[{"embeddable":true,"href":"https:\/\/momajavea.com\/en\/wp-json\/wp\/v2\/media\/871"}],"wp:attachment":[{"href":"https:\/\/momajavea.com\/en\/wp-json\/wp\/v2\/media?parent=870"}],"wp:term":[{"taxonomy":"product_brand","embeddable":true,"href":"https:\/\/momajavea.com\/en\/wp-json\/wp\/v2\/product_brand?post=870"},{"taxonomy":"product_cat","embeddable":true,"href":"https:\/\/momajavea.com\/en\/wp-json\/wp\/v2\/product_cat?post=870"},{"taxonomy":"product_tag","embeddable":true,"href":"https:\/\/momajavea.com\/en\/wp-json\/wp\/v2\/product_tag?post=870"}],"curies":[{"name":"wp","href":"https:\/\/api.w.org\/{rel}","templated":true}]}}