{"id":868,"date":"2024-01-15T15:25:59","date_gmt":"2024-01-15T15:25:59","guid":{"rendered":"https:\/\/momajavea.testdcip.com\/?post_type=product&#038;p=868"},"modified":"2024-01-15T18:07:53","modified_gmt":"2024-01-15T18:07:53","slug":"adaptasun-leche-corporal-piel-sensible-200ml-institut-esthederm","status":"publish","type":"product","link":"https:\/\/momajavea.com\/en\/producto\/adaptasun-leche-corporal-piel-sensible-200ml-institut-esthederm\/","title":{"rendered":"Adaptasun leche corporal PIEL SENSIBLE 200ml &#8211; INSTITUT ESTHEDERM"},"content":{"rendered":"<p>Descripci\u00f3n <\/p>\n<p>&#8211; Tiene activos calmantes para las pieles sensibles.<\/p>\n<p>&#8211; Logra una adaptaci\u00f3n r\u00e1pida de la piel al sol, minimizando los efectos nocivos de la exposici\u00f3n solar.<\/p>\n<p>&#8211; La piel est\u00e1 luminosa e hidratada, al tiempo que protegida del fotoenvejecimento celular y cut\u00e1neo.<\/p>\n<p>&#8211; Logra un bronceado homog\u00e9neo, natural y duradero.<\/p>\n<p> Modo de uso <\/p>\n<p>Aplicar abundantemente Leche ADAPTASUN en el cuerpo 20 minutos antes de la exposici\u00f3n solar. Volver a aplicar cada 2 horas y despu\u00e9s de cada ba\u00f1o.<\/p>\n","protected":false},"excerpt":{"rendered":"<p>Estimula el bronceado natural&nbsp;para obtener un resultado m\u00e1s r\u00e1pido, duradero e intenso, a la vez que proporciona una&nbsp;protecci\u00f3n solar.<\/p>\n<p>Previene el fotoenvejecimiento y las manchas: protege el ADN, previene los da\u00f1os celulares con la tecnolog\u00eda patentada Global Cellular Protection.<\/p>\n","protected":false},"featured_media":869,"comment_status":"open","ping_status":"closed","template":"","meta":{"_joinchat":[]},"product_brand":[],"product_cat":[76],"product_tag":[],"class_list":{"0":"post-868","1":"product","2":"type-product","3":"status-publish","4":"has-post-thumbnail","6":"product_cat-solares-esthederm","8":"first","9":"instock","10":"shipping-taxable","11":"purchasable","12":"product-type-simple"},"_links":{"self":[{"href":"https:\/\/momajavea.com\/en\/wp-json\/wp\/v2\/product\/868","targetHints":{"allow":["GET"]}}],"collection":[{"href":"https:\/\/momajavea.com\/en\/wp-json\/wp\/v2\/product"}],"about":[{"href":"https:\/\/momajavea.com\/en\/wp-json\/wp\/v2\/types\/product"}],"replies":[{"embeddable":true,"href":"https:\/\/momajavea.com\/en\/wp-json\/wp\/v2\/comments?post=868"}],"wp:featuredmedia":[{"embeddable":true,"href":"https:\/\/momajavea.com\/en\/wp-json\/wp\/v2\/media\/869"}],"wp:attachment":[{"href":"https:\/\/momajavea.com\/en\/wp-json\/wp\/v2\/media?parent=868"}],"wp:term":[{"taxonomy":"product_brand","embeddable":true,"href":"https:\/\/momajavea.com\/en\/wp-json\/wp\/v2\/product_brand?post=868"},{"taxonomy":"product_cat","embeddable":true,"href":"https:\/\/momajavea.com\/en\/wp-json\/wp\/v2\/product_cat?post=868"},{"taxonomy":"product_tag","embeddable":true,"href":"https:\/\/momajavea.com\/en\/wp-json\/wp\/v2\/product_tag?post=868"}],"curies":[{"name":"wp","href":"https:\/\/api.w.org\/{rel}","templated":true}]}}