{"id":866,"date":"2024-01-15T15:25:58","date_gmt":"2024-01-15T15:25:58","guid":{"rendered":"https:\/\/momajavea.testdcip.com\/?post_type=product&#038;p=866"},"modified":"2024-01-15T18:07:53","modified_gmt":"2024-01-15T18:07:53","slug":"adaptasun-crema-facial-piel-sensible-50ml-institut-esthederm","status":"publish","type":"product","link":"https:\/\/momajavea.com\/en\/producto\/adaptasun-crema-facial-piel-sensible-50ml-institut-esthederm\/","title":{"rendered":"Adaptasun Crema Facial Piel sensible 50ml &#8211; INSTITUT ESTHEDERM"},"content":{"rendered":"<p>Descripci\u00f3n <\/p>\n<p>Esta&nbsp;<strong>crema facial indicada para pieles sensibles&nbsp;<\/strong>que desean broncear su rostro est\u00e1 formulada con una&nbsp;<strong>protecci\u00f3n anti-uva y anti-envejecimiento optimizada y una protecci\u00f3n anti-uvb contra las quemaduras solares<\/strong>&nbsp;que permite un&nbsp;<strong>bronceado r\u00e1pido, brillante y duradero<\/strong>&nbsp;con una&nbsp;<strong>piel hidratada y flexible<\/strong>.<\/p>\n<p>&#8211;<strong>&nbsp;Previene el fotoenvejecimiento y las manchas marrones<\/strong>&nbsp;al neutralizar los radicales libres y proteger el ADN celular.<br \/>\n&#8211;&nbsp;<strong>Reduce la aparici\u00f3n de arrugas&nbsp;<\/strong>al luchar contra los factores de degradaci\u00f3n del&nbsp;<strong>col\u00e1geno<\/strong>.<br \/>\n&#8211;&nbsp;<strong>Protege y mejora la resistencia de la piel al sol<\/strong>.<\/p>\n<p> Modo de uso <\/p>\n<p>Aplicar sobre el rostro 20 minutos antes de la exposici\u00f3n solar.&nbsp;<\/p>\n<p>Renovar el producto despu\u00e9s de cada ba\u00f1o y cada 2 horas.<\/p>\n","protected":false},"excerpt":{"rendered":"<p>Protege y broncea tu piel sensible<\/p>\n","protected":false},"featured_media":867,"comment_status":"open","ping_status":"closed","template":"","meta":{"_joinchat":[]},"product_brand":[],"product_cat":[76],"product_tag":[],"class_list":{"0":"post-866","1":"product","2":"type-product","3":"status-publish","4":"has-post-thumbnail","6":"product_cat-solares-esthederm","8":"first","9":"instock","10":"shipping-taxable","11":"purchasable","12":"product-type-simple"},"_links":{"self":[{"href":"https:\/\/momajavea.com\/en\/wp-json\/wp\/v2\/product\/866","targetHints":{"allow":["GET"]}}],"collection":[{"href":"https:\/\/momajavea.com\/en\/wp-json\/wp\/v2\/product"}],"about":[{"href":"https:\/\/momajavea.com\/en\/wp-json\/wp\/v2\/types\/product"}],"replies":[{"embeddable":true,"href":"https:\/\/momajavea.com\/en\/wp-json\/wp\/v2\/comments?post=866"}],"wp:featuredmedia":[{"embeddable":true,"href":"https:\/\/momajavea.com\/en\/wp-json\/wp\/v2\/media\/867"}],"wp:attachment":[{"href":"https:\/\/momajavea.com\/en\/wp-json\/wp\/v2\/media?parent=866"}],"wp:term":[{"taxonomy":"product_brand","embeddable":true,"href":"https:\/\/momajavea.com\/en\/wp-json\/wp\/v2\/product_brand?post=866"},{"taxonomy":"product_cat","embeddable":true,"href":"https:\/\/momajavea.com\/en\/wp-json\/wp\/v2\/product_cat?post=866"},{"taxonomy":"product_tag","embeddable":true,"href":"https:\/\/momajavea.com\/en\/wp-json\/wp\/v2\/product_tag?post=866"}],"curies":[{"name":"wp","href":"https:\/\/api.w.org\/{rel}","templated":true}]}}