{"id":864,"date":"2024-01-15T15:25:58","date_gmt":"2024-01-15T15:25:58","guid":{"rendered":"https:\/\/momajavea.testdcip.com\/?post_type=product&#038;p=864"},"modified":"2024-01-15T18:07:53","modified_gmt":"2024-01-15T18:07:53","slug":"photo-reverse-hiperpigmentacion-institut-esthederm","status":"publish","type":"product","link":"https:\/\/momajavea.com\/en\/producto\/photo-reverse-hiperpigmentacion-institut-esthederm\/","title":{"rendered":"Photo reverse Hiperpigmentaci\u00f3n &#8211; INSTITUT ESTHEDERM"},"content":{"rendered":"<p>Descripci\u00f3n <\/p>\n<p>Su potente acci\u00f3n aclara, previene y corrige la hiperpigmentaci\u00f3n del rostro, disminuyendo considerablemente la apariencia de las manchas faciales, incluso las de tonalidad m\u00e1s oscura. Su uso continuado permite lucir una piel m\u00e1s clara, uniforme y protegida frente a los efectos nocivos del sol.<\/p>\n<p>Institut Esthederm Photo Reverse Tratamiento Antimanchas&nbsp;es, adem\u00e1s de una crema solar antimanchas, todo un tratamiento aclarador. Y es que reduce en 2 meses el 60% de la mancha.<\/p>\n<p> Modo de uso <\/p>\n<p>Aplicar abundantemente el tratamiento PHOTO REVERSE en el rostro, cuello y escote, 20 minutos antes de la exposici\u00f3n solar. Volver a aplicar cada 2 horas y despu\u00e9s de cada ba\u00f1o.<br \/>\nIdeal como crema de d\u00eda protectora antimanchas para el verano.<\/p>\n","protected":false},"excerpt":{"rendered":"<p>Photo Reverse es un tratamiento solar anti-manchas de alta protecci\u00f3n que aclara, previene y corrige la hiperpigmentaci\u00f3n<\/p>\n","protected":false},"featured_media":865,"comment_status":"open","ping_status":"closed","template":"","meta":{"_joinchat":[]},"product_brand":[],"product_cat":[76],"product_tag":[],"class_list":{"0":"post-864","1":"product","2":"type-product","3":"status-publish","4":"has-post-thumbnail","6":"product_cat-solares-esthederm","8":"first","9":"instock","10":"shipping-taxable","11":"purchasable","12":"product-type-simple"},"_links":{"self":[{"href":"https:\/\/momajavea.com\/en\/wp-json\/wp\/v2\/product\/864","targetHints":{"allow":["GET"]}}],"collection":[{"href":"https:\/\/momajavea.com\/en\/wp-json\/wp\/v2\/product"}],"about":[{"href":"https:\/\/momajavea.com\/en\/wp-json\/wp\/v2\/types\/product"}],"replies":[{"embeddable":true,"href":"https:\/\/momajavea.com\/en\/wp-json\/wp\/v2\/comments?post=864"}],"wp:featuredmedia":[{"embeddable":true,"href":"https:\/\/momajavea.com\/en\/wp-json\/wp\/v2\/media\/865"}],"wp:attachment":[{"href":"https:\/\/momajavea.com\/en\/wp-json\/wp\/v2\/media?parent=864"}],"wp:term":[{"taxonomy":"product_brand","embeddable":true,"href":"https:\/\/momajavea.com\/en\/wp-json\/wp\/v2\/product_brand?post=864"},{"taxonomy":"product_cat","embeddable":true,"href":"https:\/\/momajavea.com\/en\/wp-json\/wp\/v2\/product_cat?post=864"},{"taxonomy":"product_tag","embeddable":true,"href":"https:\/\/momajavea.com\/en\/wp-json\/wp\/v2\/product_tag?post=864"}],"curies":[{"name":"wp","href":"https:\/\/api.w.org\/{rel}","templated":true}]}}