{"id":862,"date":"2024-01-15T15:25:57","date_gmt":"2024-01-15T15:25:57","guid":{"rendered":"https:\/\/momajavea.testdcip.com\/?post_type=product&#038;p=862"},"modified":"2024-08-19T08:44:44","modified_gmt":"2024-08-19T08:44:44","slug":"photo-regul-sol-fuerte-institut-esthederm","status":"publish","type":"product","link":"https:\/\/momajavea.com\/en\/producto\/photo-regul-sol-fuerte-institut-esthederm\/","title":{"rendered":"PHOTO REGUL SOL FUERTE  &#8211; INSTITUT ESTHEDERM"},"content":{"rendered":"<p>Descripci\u00f3n <\/p>\n<ul>\n<li>Garantiza una protecci\u00f3n UVA\/UVB contra el fotoenvejecimiento y las quemaduras solares.<\/li>\n<li>Aten\u00faa la intensidad de las manchas y unifica el rostro gracias a la tecnolog\u00eda PHOTO REGUL, que optimiza la pigmentaci\u00f3n directa (bronceado) y limita la pigmentaci\u00f3n indirecta (manchas).<\/li>\n<li>Activa y prolonga el bronceado gracias a la tecnolog\u00eda ADAPTASUN, que optimiza todas las etapas del proceso de pigmentaci\u00f3n, para un bronceado m\u00e1s r\u00e1pido, m\u00e1s sostenido y m\u00e1s prolongado.<\/li>\n<li>Previene el fotoenvejecimiento y refuerza las defensas naturales de la piel frente al sol, gracias a la tecnolog\u00eda GLOBAL CELLULAR PROTECTION, que neutraliza los radicales libres, protege el ADN celular y ayuda a combatir los factores de degradaci\u00f3n del col\u00e1geno.<\/li>\n<\/ul>\n<p> Modo de uso <\/p>\n<p>Aplicar abundantemente PHOTO REGUL en el rostro, el escote y las zonas hiperpigmentadas 20 minutos antes de la exposici\u00f3n solar. Volver a aplicar cada 2 horas y despu\u00e9s de cada ba\u00f1o.<br \/>\nIdeal como crema de d\u00eda protectora antimanchas.<\/p>\n","protected":false},"excerpt":{"rendered":"<p>Cuando las manchas se asientan, hay que protegerse con un tratamiento espec\u00edfico, para impedir que se intensifiquen y conseguir as\u00ed un bronceado uniforme. Especialmente adaptado a las zonas m\u00e1s expuestas del rostro, de las manos y del escote, el Soin Protecteur Unificateur PHOTO REGUL Soleil Fort favorece el bronceado y unifica la piel del rostro de las pieles que presentan irregularidades , a la vez que reduce la aparici\u00f3n de las manchas marrones.<\/p>\n","protected":false},"featured_media":863,"comment_status":"open","ping_status":"closed","template":"","meta":{"_joinchat":[]},"product_brand":[],"product_cat":[76],"product_tag":[],"class_list":{"0":"post-862","1":"product","2":"type-product","3":"status-publish","4":"has-post-thumbnail","6":"product_cat-solares-esthederm","8":"first","9":"instock","10":"shipping-taxable","11":"purchasable","12":"product-type-simple"},"_links":{"self":[{"href":"https:\/\/momajavea.com\/en\/wp-json\/wp\/v2\/product\/862","targetHints":{"allow":["GET"]}}],"collection":[{"href":"https:\/\/momajavea.com\/en\/wp-json\/wp\/v2\/product"}],"about":[{"href":"https:\/\/momajavea.com\/en\/wp-json\/wp\/v2\/types\/product"}],"replies":[{"embeddable":true,"href":"https:\/\/momajavea.com\/en\/wp-json\/wp\/v2\/comments?post=862"}],"wp:featuredmedia":[{"embeddable":true,"href":"https:\/\/momajavea.com\/en\/wp-json\/wp\/v2\/media\/863"}],"wp:attachment":[{"href":"https:\/\/momajavea.com\/en\/wp-json\/wp\/v2\/media?parent=862"}],"wp:term":[{"taxonomy":"product_brand","embeddable":true,"href":"https:\/\/momajavea.com\/en\/wp-json\/wp\/v2\/product_brand?post=862"},{"taxonomy":"product_cat","embeddable":true,"href":"https:\/\/momajavea.com\/en\/wp-json\/wp\/v2\/product_cat?post=862"},{"taxonomy":"product_tag","embeddable":true,"href":"https:\/\/momajavea.com\/en\/wp-json\/wp\/v2\/product_tag?post=862"}],"curies":[{"name":"wp","href":"https:\/\/api.w.org\/{rel}","templated":true}]}}