{"id":860,"date":"2024-01-15T15:25:56","date_gmt":"2024-01-15T15:25:56","guid":{"rendered":"https:\/\/momajavea.testdcip.com\/?post_type=product&#038;p=860"},"modified":"2024-08-19T08:44:57","modified_gmt":"2024-08-19T08:44:57","slug":"aceite-solar-extreme-institut-esthederm","status":"publish","type":"product","link":"https:\/\/momajavea.com\/en\/producto\/aceite-solar-extreme-institut-esthederm\/","title":{"rendered":"Aceite solar Extreme &#8211; INSTITUT ESTHEDERM"},"content":{"rendered":"<p>Descripci\u00f3n <\/p>\n<ul>\n<li>Nutre y sublima la piel y el cabello gracias a una combinaci\u00f3n de aceites nobles nutritivos y antideshidrataci\u00f3n.<\/li>\n<li>Garantiza una protecci\u00f3n UVA\/UVB contra el fotoenvejecimiento y las quemaduras solares.<\/li>\n<li>Previene el fotoenvejecimiento y refuerza las defensas naturales de la piel frente al sol, gracias a la tecnolog\u00eda GLOBAL CELLULAR PROTECTION, que neutraliza los radicales libres, protege el ADN celular y ayuda a combatir los factores de degradaci\u00f3n del col\u00e1geno.<\/li>\n<\/ul>\n<p> Modo de uso <\/p>\n<p>Rociar uniforme y abundantemente Huil&nbsp;corps en el cuerpo y el cabello 20 minutos antes de la exposici\u00f3n solar. Volver a aplicar cada 2 horas y despu\u00e9s de cada ba\u00f1o.<br \/>\nEste aceite reparador tambi\u00e9n puede usarse todo el a\u00f1o, como un aceite seco, para nutrir, satinar y perfumar delicadamente la piel y el cabello.<\/p>\n","protected":false},"excerpt":{"rendered":"<p>El sol, el cloro, la sal&#8230; alteran la calidad de la piel y del cabello, adem\u00e1s de acelerar el envejecimiento y la sequedad cut\u00e1nea. Huil Solaire protege la piel y el cabello del envejecimiento y la sequedad. Optimiza el bronceado natural, nutre y sublima la epidermis para una piel suave, bonita y dorada, por mucho tiempo.<\/p>\n","protected":false},"featured_media":861,"comment_status":"open","ping_status":"closed","template":"","meta":{"_joinchat":[]},"product_brand":[],"product_cat":[76],"product_tag":[],"class_list":{"0":"post-860","1":"product","2":"type-product","3":"status-publish","4":"has-post-thumbnail","6":"product_cat-solares-esthederm","8":"first","9":"instock","10":"shipping-taxable","11":"purchasable","12":"product-type-simple"},"_links":{"self":[{"href":"https:\/\/momajavea.com\/en\/wp-json\/wp\/v2\/product\/860","targetHints":{"allow":["GET"]}}],"collection":[{"href":"https:\/\/momajavea.com\/en\/wp-json\/wp\/v2\/product"}],"about":[{"href":"https:\/\/momajavea.com\/en\/wp-json\/wp\/v2\/types\/product"}],"replies":[{"embeddable":true,"href":"https:\/\/momajavea.com\/en\/wp-json\/wp\/v2\/comments?post=860"}],"wp:featuredmedia":[{"embeddable":true,"href":"https:\/\/momajavea.com\/en\/wp-json\/wp\/v2\/media\/861"}],"wp:attachment":[{"href":"https:\/\/momajavea.com\/en\/wp-json\/wp\/v2\/media?parent=860"}],"wp:term":[{"taxonomy":"product_brand","embeddable":true,"href":"https:\/\/momajavea.com\/en\/wp-json\/wp\/v2\/product_brand?post=860"},{"taxonomy":"product_cat","embeddable":true,"href":"https:\/\/momajavea.com\/en\/wp-json\/wp\/v2\/product_cat?post=860"},{"taxonomy":"product_tag","embeddable":true,"href":"https:\/\/momajavea.com\/en\/wp-json\/wp\/v2\/product_tag?post=860"}],"curies":[{"name":"wp","href":"https:\/\/api.w.org\/{rel}","templated":true}]}}