{"id":858,"date":"2024-01-15T15:25:54","date_gmt":"2024-01-15T15:25:54","guid":{"rendered":"https:\/\/momajavea.testdcip.com\/?post_type=product&#038;p=858"},"modified":"2024-08-19T08:45:10","modified_gmt":"2024-08-19T08:45:10","slug":"crema-autobronceadora-facial-50ml-institut-esthederm","status":"publish","type":"product","link":"https:\/\/momajavea.com\/en\/producto\/crema-autobronceadora-facial-50ml-institut-esthederm\/","title":{"rendered":"Crema autobronceadora Facial 50ml-  INSTITUT ESTHEDERM"},"content":{"rendered":"<p>Descripci\u00f3n <\/p>\n<ul>\n<li>Aporta por largo tiempo un leve bronceado dorado, uniforme y sublimado todo el a\u00f1o, gracias a la DHA autobronceadora y a los agentes de dispersi\u00f3n, para una distribuci\u00f3n homog\u00e9nea del bronceado.<\/li>\n<li>Suaviza la piel, gracias a la vitamina E y a los flavonoides antirradicales libres que preservan la juventud de la piel.<\/li>\n<li>Optimiza la vitalidad celular y contribuye a preservar el capital de juventud, gracias a la patente EAU CELLULAIRE, que reproduce las cualidades del agua que contiene por naturaleza la piel.<\/li>\n<\/ul>\n<p> Modo de uso <\/p>\n<p>Para garantizar un aspecto uniforme es recomendable exfoliar e hidratar muy bien el rostro, cuello y escote el d\u00eda de antes de la aplicaci\u00f3n. Aplicar uniformemente sobre la piel limpia y seca. Lavarse las manos despu\u00e9s de su uso. De 1 a 3 aplicaciones semanales seg\u00fan la intensidad deseada.&nbsp;<\/p>\n","protected":false},"excerpt":{"rendered":"<p>La crema autobronceadora facial REFLETS DE SOLEIL hidrata e ilumina progresivamente la piel para recrear un bronceado ligero y natural sin necesidad de exponerse al sol.<\/p>\n","protected":false},"featured_media":859,"comment_status":"open","ping_status":"closed","template":"","meta":{"_joinchat":[]},"product_brand":[],"product_cat":[76],"product_tag":[],"class_list":{"0":"post-858","1":"product","2":"type-product","3":"status-publish","4":"has-post-thumbnail","6":"product_cat-solares-esthederm","8":"first","9":"instock","10":"shipping-taxable","11":"purchasable","12":"product-type-simple"},"_links":{"self":[{"href":"https:\/\/momajavea.com\/en\/wp-json\/wp\/v2\/product\/858","targetHints":{"allow":["GET"]}}],"collection":[{"href":"https:\/\/momajavea.com\/en\/wp-json\/wp\/v2\/product"}],"about":[{"href":"https:\/\/momajavea.com\/en\/wp-json\/wp\/v2\/types\/product"}],"replies":[{"embeddable":true,"href":"https:\/\/momajavea.com\/en\/wp-json\/wp\/v2\/comments?post=858"}],"wp:featuredmedia":[{"embeddable":true,"href":"https:\/\/momajavea.com\/en\/wp-json\/wp\/v2\/media\/859"}],"wp:attachment":[{"href":"https:\/\/momajavea.com\/en\/wp-json\/wp\/v2\/media?parent=858"}],"wp:term":[{"taxonomy":"product_brand","embeddable":true,"href":"https:\/\/momajavea.com\/en\/wp-json\/wp\/v2\/product_brand?post=858"},{"taxonomy":"product_cat","embeddable":true,"href":"https:\/\/momajavea.com\/en\/wp-json\/wp\/v2\/product_cat?post=858"},{"taxonomy":"product_tag","embeddable":true,"href":"https:\/\/momajavea.com\/en\/wp-json\/wp\/v2\/product_tag?post=858"}],"curies":[{"name":"wp","href":"https:\/\/api.w.org\/{rel}","templated":true}]}}