{"id":856,"date":"2024-01-15T15:25:53","date_gmt":"2024-01-15T15:25:53","guid":{"rendered":"https:\/\/momajavea.testdcip.com\/?post_type=product&#038;p=856"},"modified":"2024-08-19T08:45:23","modified_gmt":"2024-08-19T08:45:23","slug":"efa-vitaminas-dmk","status":"publish","type":"product","link":"https:\/\/momajavea.com\/en\/producto\/efa-vitaminas-dmk\/","title":{"rendered":"EFA +Vitaminas &#8211; DMK"},"content":{"rendered":"<p>Descripci\u00f3n <\/p>\n<p><span><span><span><span><span><span><span><span><span><span><span><span><span><span><span><span><span><span><span><span><span><span><span><span><span><span><span><span><span><span><span>El aceite de coco, el extracto de algas mekabu, el espino amarillo y la onagra funcionan para calmar y nutrir el cuerpo, aumentar los niveles de agua en la piel y mejorar su integridad estructural y su funci\u00f3n de barrera.<br \/>\nEFA Ultra funciona bien para aquellos que sufren de acn\u00e9, piel inflamada o reactiva, pigmentaci\u00f3n y desequilibrio hormonal, as\u00ed como l\u00edneas finas, arrugas y piel fl\u00e1cida.&nbsp;Para cualquier piel que se someta a un programa de revisi\u00f3n, los EFA son una prioridad.<\/span><\/span><\/span><\/span><\/span><\/span><\/span><\/span><\/span><\/span><\/span><\/span><\/span><\/span><\/span><\/span><\/span><\/span><\/span><\/span><\/span><\/span><\/span><\/span><\/span><\/span><\/span><\/span><\/span><\/span><\/span><\/p>\n<p> Modo de uso <\/p>\n<p>Tomar dos c\u00e1psulas dos veces al d\u00eda.<\/p>\n<p> Ingredientes principales: <\/p>\n<ul>\n<li>Aceite de coco<\/li>\n<li>Extracto de algas marinas Mekabu<\/li>\n<li>Espino cerval<\/li>\n<li>Aceite de onagra<\/li>\n<\/ul>\n","protected":false},"excerpt":{"rendered":"<div>\n<p><span><span><span><span><span><span><span><span><span><span><span><span><span><span><span><span><span><span><span><span><span><span><span><span><span><span><span><span><span><span><span>Una poderosa mezcla de los EFA 3, 6, 7 y 9, este suplemento tiene m\u00e1s de 190 nutrientes y sustancias bioactivas, todas provenientes de ingredientes de origen vegetal.&nbsp;<\/span><\/span><\/span><\/span><\/span><\/span><\/span><\/span><\/span><\/span><\/span><\/span><\/span><\/span><\/span><\/span><\/span><\/span><\/span><\/span><\/span><\/span><\/span><\/span><\/span><\/span><\/span><\/span><\/span><\/span><\/span><\/p>\n<\/div>\n<div>&nbsp;<\/div>\n","protected":false},"featured_media":857,"comment_status":"open","ping_status":"closed","template":"","meta":{"_joinchat":[]},"product_brand":[],"product_cat":[73,61],"product_tag":[],"class_list":{"0":"post-856","1":"product","2":"type-product","3":"status-publish","4":"has-post-thumbnail","6":"product_cat-dmk","7":"product_cat-nutricosmetica","9":"first","10":"instock","11":"shipping-taxable","12":"purchasable","13":"product-type-simple"},"_links":{"self":[{"href":"https:\/\/momajavea.com\/en\/wp-json\/wp\/v2\/product\/856","targetHints":{"allow":["GET"]}}],"collection":[{"href":"https:\/\/momajavea.com\/en\/wp-json\/wp\/v2\/product"}],"about":[{"href":"https:\/\/momajavea.com\/en\/wp-json\/wp\/v2\/types\/product"}],"replies":[{"embeddable":true,"href":"https:\/\/momajavea.com\/en\/wp-json\/wp\/v2\/comments?post=856"}],"wp:featuredmedia":[{"embeddable":true,"href":"https:\/\/momajavea.com\/en\/wp-json\/wp\/v2\/media\/857"}],"wp:attachment":[{"href":"https:\/\/momajavea.com\/en\/wp-json\/wp\/v2\/media?parent=856"}],"wp:term":[{"taxonomy":"product_brand","embeddable":true,"href":"https:\/\/momajavea.com\/en\/wp-json\/wp\/v2\/product_brand?post=856"},{"taxonomy":"product_cat","embeddable":true,"href":"https:\/\/momajavea.com\/en\/wp-json\/wp\/v2\/product_cat?post=856"},{"taxonomy":"product_tag","embeddable":true,"href":"https:\/\/momajavea.com\/en\/wp-json\/wp\/v2\/product_tag?post=856"}],"curies":[{"name":"wp","href":"https:\/\/api.w.org\/{rel}","templated":true}]}}