{"id":854,"date":"2024-01-15T15:25:51","date_gmt":"2024-01-15T15:25:51","guid":{"rendered":"https:\/\/momajavea.testdcip.com\/?post_type=product&#038;p=854"},"modified":"2024-08-19T08:45:36","modified_gmt":"2024-08-19T08:45:36","slug":"bronz-impulse-corporal-150ml-institut-esthederm","status":"publish","type":"product","link":"https:\/\/momajavea.com\/en\/producto\/bronz-impulse-corporal-150ml-institut-esthederm\/","title":{"rendered":"BRONZ IMPULSE CORPORAL 150ml &#8211; INSTITUT ESTHEDERM"},"content":{"rendered":"<p>Descripci\u00f3n <\/p>\n<p>El spray BRONZ IMPULSE prepara la piel para el sol estimulando la s\u00edntesis de melanina, la primera protecci\u00f3n natural de la piel, y contribuye a mejorar las defensas naturales de la piel, para un bronceado m\u00e1s r\u00e1pido, intenso y duradero. SIN FILTRO SOLARES<\/p>\n<p>&nbsp;<\/p>\n<p> Modo de uso <\/p>\n<p>Rociar el espray BRONZ IMPULSE sobre el rostro y el cuerpo y dejar secar.<\/p>\n<p>&#8211; Antes de la exposici\u00f3n, para preparar la piel: se utiliza solo, por la ma\u00f1ana y por la noche, preferiblemente 15 d\u00edas antes de la 1.\u00aa exposici\u00f3n.<\/p>\n<p>&#8211; Durante la exposici\u00f3n, para estimular el bronceado: se utiliza 20 minutos antes de la exposici\u00f3n. Se vuelve a usar bajo cada aplicaci\u00f3n del producto de protecci\u00f3n solar adaptada.<\/p>\n<p>&#8211; Despu\u00e9s de la exposici\u00f3n, para prolongar el bronceado: el espray se utiliza por la ma\u00f1ana y por la noche, bajo el tratamiento para despu\u00e9s del sol.<\/p>\n","protected":false},"excerpt":{"rendered":"<p><strong>EL ESPRAY PREPARADOR, POTENCIADOR, PROLONGADOR DEL BRONCEADO<\/strong><\/p>\n","protected":false},"featured_media":855,"comment_status":"open","ping_status":"closed","template":"","meta":{"_joinchat":[]},"product_brand":[],"product_cat":[76],"product_tag":[],"class_list":{"0":"post-854","1":"product","2":"type-product","3":"status-publish","4":"has-post-thumbnail","6":"product_cat-solares-esthederm","8":"first","9":"instock","10":"shipping-taxable","11":"purchasable","12":"product-type-simple"},"_links":{"self":[{"href":"https:\/\/momajavea.com\/en\/wp-json\/wp\/v2\/product\/854","targetHints":{"allow":["GET"]}}],"collection":[{"href":"https:\/\/momajavea.com\/en\/wp-json\/wp\/v2\/product"}],"about":[{"href":"https:\/\/momajavea.com\/en\/wp-json\/wp\/v2\/types\/product"}],"replies":[{"embeddable":true,"href":"https:\/\/momajavea.com\/en\/wp-json\/wp\/v2\/comments?post=854"}],"wp:featuredmedia":[{"embeddable":true,"href":"https:\/\/momajavea.com\/en\/wp-json\/wp\/v2\/media\/855"}],"wp:attachment":[{"href":"https:\/\/momajavea.com\/en\/wp-json\/wp\/v2\/media?parent=854"}],"wp:term":[{"taxonomy":"product_brand","embeddable":true,"href":"https:\/\/momajavea.com\/en\/wp-json\/wp\/v2\/product_brand?post=854"},{"taxonomy":"product_cat","embeddable":true,"href":"https:\/\/momajavea.com\/en\/wp-json\/wp\/v2\/product_cat?post=854"},{"taxonomy":"product_tag","embeddable":true,"href":"https:\/\/momajavea.com\/en\/wp-json\/wp\/v2\/product_tag?post=854"}],"curies":[{"name":"wp","href":"https:\/\/api.w.org\/{rel}","templated":true}]}}