{"id":852,"date":"2024-01-15T15:25:50","date_gmt":"2024-01-15T15:25:50","guid":{"rendered":"https:\/\/momajavea.testdcip.com\/?post_type=product&#038;p=852"},"modified":"2024-01-15T16:15:35","modified_gmt":"2024-01-15T16:15:35","slug":"te-bio-adelgazante-express-lpg","status":"publish","type":"product","link":"https:\/\/momajavea.com\/en\/producto\/te-bio-adelgazante-express-lpg\/","title":{"rendered":"T\u00e9 Bio Adelgazante Express &#8211; LPG"},"content":{"rendered":"<p>Descripci\u00f3n <\/p>\n<p>El T\u00c9&nbsp;BIO MINCEUR EXPRESS J14 LPG\u00ae es una sutil mezcla de plantas org\u00e1nicas, frutas y verduras, conocidas por sus propiedades adelgazantes. Inteligentemente seleccionadas desde cuatro puntos del mundo, estos ingredientes de calidad fueron perfectament calibrados para dar al t\u00e9 de LPG toda su eficiencia.<\/p>\n<p> Modo de uso <\/p>\n<p>Para disfrutar de todo su sabor, d\u00e9jelo reposar de 3 a 5 minutos, y luego saque la bolsita de t\u00e9.<\/p>\n<p><strong>Dos bolsitas de t\u00e9 al d\u00eda durante 14 d\u00edas.<\/strong><\/p>\n<p> Ingredientes principales: <\/p>\n<ul>\n<li>\n<p>Ingredientes org\u00e1nicos extra\u00eddos, mezclados y empaquetados en Francia para un frescor incomparable:<\/p>\n<p>T\u00e9 verde* 16%, Hinojo* 14%, Menta* 14%, Pimienta* 11%, Genjibre* 10%, Ortiga* 8%, Canela* 7%,<br \/>\n\tGuaran\u00e1* 5%, Lim\u00f3n* 5%, aroma de lim\u00f3n 10%<br \/>\n\t<strong>*Ingredientes de la agricultura ecol\u00f3gica.<\/strong><\/p>\n<\/li>\n<\/ul>\n","protected":false},"excerpt":{"rendered":"<div>\n<p>&#8211; P\u00e9rdida de peso<br \/>&#8211; Acci\u00f3n quema grasas<br \/>&#8211; Drenaje &amp; digesti\u00f3n<\/p>\n<\/div>\n<div>&nbsp;<\/div>\n","protected":false},"featured_media":853,"comment_status":"open","ping_status":"closed","template":"","meta":{"_joinchat":[]},"product_brand":[],"product_cat":[53,61],"product_tag":[],"class_list":{"0":"post-852","1":"product","2":"type-product","3":"status-publish","4":"has-post-thumbnail","6":"product_cat-lpg","7":"product_cat-nutricosmetica","9":"first","10":"instock","11":"shipping-taxable","12":"purchasable","13":"product-type-simple"},"_links":{"self":[{"href":"https:\/\/momajavea.com\/en\/wp-json\/wp\/v2\/product\/852","targetHints":{"allow":["GET"]}}],"collection":[{"href":"https:\/\/momajavea.com\/en\/wp-json\/wp\/v2\/product"}],"about":[{"href":"https:\/\/momajavea.com\/en\/wp-json\/wp\/v2\/types\/product"}],"replies":[{"embeddable":true,"href":"https:\/\/momajavea.com\/en\/wp-json\/wp\/v2\/comments?post=852"}],"wp:featuredmedia":[{"embeddable":true,"href":"https:\/\/momajavea.com\/en\/wp-json\/wp\/v2\/media\/853"}],"wp:attachment":[{"href":"https:\/\/momajavea.com\/en\/wp-json\/wp\/v2\/media?parent=852"}],"wp:term":[{"taxonomy":"product_brand","embeddable":true,"href":"https:\/\/momajavea.com\/en\/wp-json\/wp\/v2\/product_brand?post=852"},{"taxonomy":"product_cat","embeddable":true,"href":"https:\/\/momajavea.com\/en\/wp-json\/wp\/v2\/product_cat?post=852"},{"taxonomy":"product_tag","embeddable":true,"href":"https:\/\/momajavea.com\/en\/wp-json\/wp\/v2\/product_tag?post=852"}],"curies":[{"name":"wp","href":"https:\/\/api.w.org\/{rel}","templated":true}]}}