{"id":850,"date":"2024-01-15T15:25:50","date_gmt":"2024-01-15T15:25:50","guid":{"rendered":"https:\/\/momajavea.testdcip.com\/?post_type=product&#038;p=850"},"modified":"2025-02-19T10:05:02","modified_gmt":"2025-02-19T10:05:02","slug":"plan-silueta-y-control-de-peso-180the-concept","status":"publish","type":"product","link":"https:\/\/momajavea.com\/en\/producto\/plan-silueta-y-control-de-peso-180the-concept\/","title":{"rendered":"PLAN SILUETA Y CONTROL DE PESO &#8211; 180the Concept"},"content":{"rendered":"<p>Descripci\u00f3n <\/p>\n<p>Este plan logra&nbsp;<strong>redefinir y mantener la silueta&nbsp;<\/strong>de un modo seguro y natural. Los micronutrientes de estas f\u00f3rmulas&nbsp;<strong>evitan la acumulaci\u00f3n de grasa&nbsp;<\/strong>y favorecen su&nbsp;<strong>eliminaci\u00f3n<\/strong>. Su&nbsp;<strong>efecto saciante&nbsp;<\/strong>ayuda a combatir los picos de hambre. \u00a1Un completo plan para redefinir y mantener tu silueta de un modo natural!<\/p>\n<p>Los cambios cambios de peso tienen un origen multifactorial: la edad, el sedentarismo, desequilibrios hormonales, gen\u00e9tica, estr\u00e9s, inflamaci\u00f3n silenciosa, entre otros.<\/p>\n<p>Los pilares de un cuerpo arm\u00f3nico con un&nbsp;<strong>peso adecuado<\/strong>, son una&nbsp;<strong>dieta equilibrada<\/strong>,&nbsp;<strong>pr\u00e1ctica de ejercicio&nbsp;<\/strong>moderado y un&nbsp;<strong>correcto funcionamiento del organismo&nbsp;<\/strong>para eliminar desechos y l\u00edquidos, transportar grasa, tener una buena circulaci\u00f3n.<\/p>\n<p> Composici\u00f3n <\/p>\n<p>La sinergia de sus ingredientes es la clave del \u00e9xito de este plan compuesto por las f\u00f3rmulas<strong>&nbsp;e2+e6+rv3.<\/strong><\/p>\n<p>Entre ellos, el&nbsp;<strong>\u00c1cido Alfa-Lipoico<\/strong>&nbsp;favorece la glic\u00f3lisis y convierte el az\u00facar y los hidratos de carbono en energ\u00eda. Este ataque contra la grasa se complementa con la acci\u00f3n del&nbsp;<strong>\u00c1cido Linol\u00e9ico Conjugado&nbsp;<\/strong>que activa la mitocondria del adipocito, actuando sobre la grasa resistente y t\u00f3xica. Inhibe el dep\u00f3sito de grasa en los tejidos y aumenta el gasto de energ\u00eda. Tiene un efecto regulador del apetito.<\/p>\n<p>Las dosis equilibradas de vitaminas del Grupo B son incluidas por sus beneficios, como las&nbsp;<strong>Vitaminas B1, B2, B3, B5, B6, B9 y B12&nbsp;<\/strong>que contribuyen a la transformaci\u00f3n de los alimentos en energ\u00eda, fundamental para evitar la acumulaci\u00f3n de grasa. Tambi\u00e9n favorecen su movilizaci\u00f3n y transporte hacia la mitocondria celular, donde se oxida. Gracias al efecto diur\u00e9tico, se evita la acumulaci\u00f3n de l\u00edquidos. En conjunto, ayudan en la prevenci\u00f3n de la obesidad.<\/p>\n<p>Las&nbsp;<strong>Vitaminas C y E&nbsp;<\/strong>son fundamentales para frenar el proceso de inflamaci\u00f3n y necesarias para evitar la flacidez y el descolgamiento caracter\u00edstico del adelgazamiento. El&nbsp;<strong>Picolinato de Cromo&nbsp;<\/strong>interviene en una correcta metabolizaci\u00f3n y transporte de las grasas y equilibra los niveles de glucosa en sangre.<\/p>\n","protected":false},"excerpt":{"rendered":"<ul>\n<li>Contribuye al \u00e9xito de dietas y planes de adelgazamiento.<\/li>\n<li>Reduce c\u00famulos de grasa localizados.<\/li>\n<li>Disminuye la retenci\u00f3n de l\u00edquidos.<\/li>\n<li>Efecto saciante.<\/li>\n<li>Controla la ansiedad por la comida.<\/li>\n<\/ul>\n","protected":false},"featured_media":851,"comment_status":"open","ping_status":"closed","template":"","meta":{"_joinchat":[]},"product_brand":[],"product_cat":[61],"product_tag":[],"class_list":{"0":"post-850","1":"product","2":"type-product","3":"status-publish","4":"has-post-thumbnail","6":"product_cat-nutricosmetica","8":"first","9":"instock","10":"shipping-taxable","11":"purchasable","12":"product-type-simple"},"_links":{"self":[{"href":"https:\/\/momajavea.com\/en\/wp-json\/wp\/v2\/product\/850","targetHints":{"allow":["GET"]}}],"collection":[{"href":"https:\/\/momajavea.com\/en\/wp-json\/wp\/v2\/product"}],"about":[{"href":"https:\/\/momajavea.com\/en\/wp-json\/wp\/v2\/types\/product"}],"replies":[{"embeddable":true,"href":"https:\/\/momajavea.com\/en\/wp-json\/wp\/v2\/comments?post=850"}],"wp:featuredmedia":[{"embeddable":true,"href":"https:\/\/momajavea.com\/en\/wp-json\/wp\/v2\/media\/851"}],"wp:attachment":[{"href":"https:\/\/momajavea.com\/en\/wp-json\/wp\/v2\/media?parent=850"}],"wp:term":[{"taxonomy":"product_brand","embeddable":true,"href":"https:\/\/momajavea.com\/en\/wp-json\/wp\/v2\/product_brand?post=850"},{"taxonomy":"product_cat","embeddable":true,"href":"https:\/\/momajavea.com\/en\/wp-json\/wp\/v2\/product_cat?post=850"},{"taxonomy":"product_tag","embeddable":true,"href":"https:\/\/momajavea.com\/en\/wp-json\/wp\/v2\/product_tag?post=850"}],"curies":[{"name":"wp","href":"https:\/\/api.w.org\/{rel}","templated":true}]}}