{"id":848,"date":"2024-01-15T15:25:49","date_gmt":"2024-01-15T15:25:49","guid":{"rendered":"https:\/\/momajavea.testdcip.com\/?post_type=product&#038;p=848"},"modified":"2024-08-19T08:46:46","modified_gmt":"2024-08-19T08:46:46","slug":"kit-imprescindible-jorge-de-la-garza","status":"publish","type":"product","link":"https:\/\/momajavea.com\/en\/producto\/kit-imprescindible-jorge-de-la-garza\/","title":{"rendered":"Kit imprescindible &#8211; Jorge de la Garza"},"content":{"rendered":"<p>Jorge de la Garza <\/p>\n<p>es el creador de su propia l\u00ednea de productos, colores y texturas desde hace m\u00e1s de 20 a\u00f1os. El resultado, una marca profesional creada con la m\u00e1xima exigencia y con una visi\u00f3n \u00fanica.<\/p>\n","protected":false},"excerpt":{"rendered":"<p><strong>\u00bfQu\u00e9 contiene?<\/strong><\/p>\n<p>Top Lash 360\u00ba: m\u00e1scara de pesta\u00f1as<\/p>\n<p><span style=\"background-color: transparent; font-family: var(--wix-font-stack,&quot;HelveticaNeueW01-55Roma&quot;,&quot;HelveticaNeueW02-55Roma&quot;,&quot;HelveticaNeueW10-55Roma&quot;,sans-serif);\">Magnetic Lipstick: barra de labios (color a elegir)&nbsp;<\/span><\/p>\n<p>&nbsp;<\/p>\n","protected":false},"featured_media":849,"comment_status":"open","ping_status":"closed","template":"","meta":{"_joinchat":[]},"product_brand":[],"product_cat":[67,65],"product_tag":[],"class_list":{"0":"post-848","1":"product","2":"type-product","3":"status-publish","4":"has-post-thumbnail","6":"product_cat-jorge-de-la-garza","7":"product_cat-maquillaje","9":"first","10":"instock","11":"shipping-taxable","12":"purchasable","13":"product-type-simple"},"_links":{"self":[{"href":"https:\/\/momajavea.com\/en\/wp-json\/wp\/v2\/product\/848","targetHints":{"allow":["GET"]}}],"collection":[{"href":"https:\/\/momajavea.com\/en\/wp-json\/wp\/v2\/product"}],"about":[{"href":"https:\/\/momajavea.com\/en\/wp-json\/wp\/v2\/types\/product"}],"replies":[{"embeddable":true,"href":"https:\/\/momajavea.com\/en\/wp-json\/wp\/v2\/comments?post=848"}],"wp:featuredmedia":[{"embeddable":true,"href":"https:\/\/momajavea.com\/en\/wp-json\/wp\/v2\/media\/849"}],"wp:attachment":[{"href":"https:\/\/momajavea.com\/en\/wp-json\/wp\/v2\/media?parent=848"}],"wp:term":[{"taxonomy":"product_brand","embeddable":true,"href":"https:\/\/momajavea.com\/en\/wp-json\/wp\/v2\/product_brand?post=848"},{"taxonomy":"product_cat","embeddable":true,"href":"https:\/\/momajavea.com\/en\/wp-json\/wp\/v2\/product_cat?post=848"},{"taxonomy":"product_tag","embeddable":true,"href":"https:\/\/momajavea.com\/en\/wp-json\/wp\/v2\/product_tag?post=848"}],"curies":[{"name":"wp","href":"https:\/\/api.w.org\/{rel}","templated":true}]}}