{"id":846,"date":"2024-01-15T15:25:48","date_gmt":"2024-01-15T15:25:48","guid":{"rendered":"https:\/\/momajavea.testdcip.com\/?post_type=product&#038;p=846"},"modified":"2024-08-19T08:48:58","modified_gmt":"2024-08-19T08:48:58","slug":"neceser-de-pinceles-jorge-de-la-garza","status":"publish","type":"product","link":"https:\/\/momajavea.com\/en\/producto\/neceser-de-pinceles-jorge-de-la-garza\/","title":{"rendered":"Neceser de pinceles &#8211; Jorge de la Garza"},"content":{"rendered":"<p>Jorge de la Garza <\/p>\n<p>es el creador de su propia l\u00ednea de productos, colores y texturas desde hace m\u00e1s de 20 a\u00f1os. El resultado, una marca profesional creada con la m\u00e1xima exigencia y con una visi\u00f3n \u00fanica.<\/p>\n","protected":false},"excerpt":{"rendered":"<p><strong>\u00bfQu\u00e9 contiene?<\/strong><\/p>\n<p>&#8211; Brocha de polvos<\/p>\n<p>&#8211; Pincel de maquillaje<\/p>\n<p>&#8211; Picel&nbsp;iluminador<\/p>\n<p>&#8211; Pincel de sombra<\/p>\n<p>&#8211; Pincel difuminador<\/p>\n<p>&nbsp;<\/p>\n<p>Colecci\u00f3n de pinceles de alta calidad profesional que facilitan la aplicaci\u00f3n y el acabado del maquillaje. Son f\u00e1ciles de usar, vers\u00e1tiles y de larga vida. Su tama\u00f1o facilita que lo lleves siempre contigo.<\/p>\n","protected":false},"featured_media":847,"comment_status":"open","ping_status":"closed","template":"","meta":{"_joinchat":[]},"product_brand":[],"product_cat":[67,65],"product_tag":[],"class_list":{"0":"post-846","1":"product","2":"type-product","3":"status-publish","4":"has-post-thumbnail","6":"product_cat-jorge-de-la-garza","7":"product_cat-maquillaje","9":"first","10":"instock","11":"shipping-taxable","12":"purchasable","13":"product-type-simple"},"_links":{"self":[{"href":"https:\/\/momajavea.com\/en\/wp-json\/wp\/v2\/product\/846","targetHints":{"allow":["GET"]}}],"collection":[{"href":"https:\/\/momajavea.com\/en\/wp-json\/wp\/v2\/product"}],"about":[{"href":"https:\/\/momajavea.com\/en\/wp-json\/wp\/v2\/types\/product"}],"replies":[{"embeddable":true,"href":"https:\/\/momajavea.com\/en\/wp-json\/wp\/v2\/comments?post=846"}],"wp:featuredmedia":[{"embeddable":true,"href":"https:\/\/momajavea.com\/en\/wp-json\/wp\/v2\/media\/847"}],"wp:attachment":[{"href":"https:\/\/momajavea.com\/en\/wp-json\/wp\/v2\/media?parent=846"}],"wp:term":[{"taxonomy":"product_brand","embeddable":true,"href":"https:\/\/momajavea.com\/en\/wp-json\/wp\/v2\/product_brand?post=846"},{"taxonomy":"product_cat","embeddable":true,"href":"https:\/\/momajavea.com\/en\/wp-json\/wp\/v2\/product_cat?post=846"},{"taxonomy":"product_tag","embeddable":true,"href":"https:\/\/momajavea.com\/en\/wp-json\/wp\/v2\/product_tag?post=846"}],"curies":[{"name":"wp","href":"https:\/\/api.w.org\/{rel}","templated":true}]}}