{"id":844,"date":"2024-01-15T15:25:48","date_gmt":"2024-01-15T15:25:48","guid":{"rendered":"https:\/\/momajavea.testdcip.com\/?post_type=product&#038;p=844"},"modified":"2024-01-15T18:05:51","modified_gmt":"2024-01-15T18:05:51","slug":"pro-amino-dmk","status":"publish","type":"product","link":"https:\/\/momajavea.com\/en\/producto\/pro-amino-dmk\/","title":{"rendered":"PRO AMINO  &#8211;  DMK"},"content":{"rendered":"<p>Descripci\u00f3n <\/p>\n<div>\n<p>Ayuda a prevenir los signos del envejecimiento y las l\u00edneas finas, la rica formulaci\u00f3n nutricional de Pro Amino replica los factores humectantes naturales propios de la piel para equilibrar la piel.&nbsp;Exuberante con ocho amino\u00e1cidos esenciales, prote\u00ednas, vitamina C y l\u00edpidos higrosc\u00f3picos, Pro Amino cr\u00e8me ayuda a mantener la elasticidad de la piel y<\/p>\n<\/div>\n<div>&nbsp;<\/div>\n<p> Modo de uso <\/p>\n<p>D\u00eda y noche, aplicar una gota en la palma de la mano&nbsp;rociada con Herb &amp; Mineral&nbsp; spray y apl\u00edque en la piel.<\/p>\n<p> Formato <\/p>\n<p>50ml<\/p>\n<p> Ingredientes principales: <\/p>\n<ul>\n<li>Fosfato de magnesio y ascorbilo<\/li>\n<li>Oligop\u00e9ptido de palmitoilo<\/li>\n<li>Palmitoil tetrap\u00e9ptido-7<\/li>\n<li>Aceite de c\u00e1rtamo (Carthamus tinctorius)<\/li>\n<li>Vitamina A (palmitato de retinilo)<\/li>\n<\/ul>\n","protected":false},"excerpt":{"rendered":"<p>Una crema nutritiva rica en amino\u00e1cidos, dise\u00f1ada para pieles j\u00f3venes para ayudar a equilibrar y mantener una tez tersa, saludable y brillante.<\/p>\n","protected":false},"featured_media":845,"comment_status":"open","ping_status":"closed","template":"","meta":{"_joinchat":[]},"product_brand":[],"product_cat":[73,59,74],"product_tag":[],"class_list":{"0":"post-844","1":"product","2":"type-product","3":"status-publish","4":"has-post-thumbnail","6":"product_cat-dmk","7":"product_cat-facial","8":"product_cat-hidratantes","10":"first","11":"instock","12":"shipping-taxable","13":"purchasable","14":"product-type-simple"},"_links":{"self":[{"href":"https:\/\/momajavea.com\/en\/wp-json\/wp\/v2\/product\/844","targetHints":{"allow":["GET"]}}],"collection":[{"href":"https:\/\/momajavea.com\/en\/wp-json\/wp\/v2\/product"}],"about":[{"href":"https:\/\/momajavea.com\/en\/wp-json\/wp\/v2\/types\/product"}],"replies":[{"embeddable":true,"href":"https:\/\/momajavea.com\/en\/wp-json\/wp\/v2\/comments?post=844"}],"wp:featuredmedia":[{"embeddable":true,"href":"https:\/\/momajavea.com\/en\/wp-json\/wp\/v2\/media\/845"}],"wp:attachment":[{"href":"https:\/\/momajavea.com\/en\/wp-json\/wp\/v2\/media?parent=844"}],"wp:term":[{"taxonomy":"product_brand","embeddable":true,"href":"https:\/\/momajavea.com\/en\/wp-json\/wp\/v2\/product_brand?post=844"},{"taxonomy":"product_cat","embeddable":true,"href":"https:\/\/momajavea.com\/en\/wp-json\/wp\/v2\/product_cat?post=844"},{"taxonomy":"product_tag","embeddable":true,"href":"https:\/\/momajavea.com\/en\/wp-json\/wp\/v2\/product_tag?post=844"}],"curies":[{"name":"wp","href":"https:\/\/api.w.org\/{rel}","templated":true}]}}