{"id":842,"date":"2024-01-15T15:25:47","date_gmt":"2024-01-15T15:25:47","guid":{"rendered":"https:\/\/momajavea.testdcip.com\/?post_type=product&#038;p=842"},"modified":"2024-09-05T15:38:28","modified_gmt":"2024-09-05T15:38:28","slug":"creme-elastine-biologique-recherche","status":"publish","type":"product","link":"https:\/\/momajavea.com\/en\/producto\/creme-elastine-biologique-recherche\/","title":{"rendered":"CR\u00c8ME ELASTINE &#8211;  BIOLOGIQUE RECHERCHE"},"content":{"rendered":"<p>Descripci\u00f3n <\/p>\n<div>\n<p>Poderosa crema&nbsp;antiarrugas de \u00faltima generaci\u00f3n, su innovadora f\u00f3rmula ofrece un aporte de elasticidad extraordinario a las pieles envejecidas, e Instantes de Piel que presentan&nbsp;signos de tirantez y falta constante de confort. Su particular textura, ligera y de r\u00e1pida absorci\u00f3n, favorece la correcta asimilaci\u00f3n de los activos&nbsp;aumentando su poder de hidrataci\u00f3n, sin dejar res\u00edduos ni ocluir la piel, consiguiendo&nbsp;resultados inmediatos&nbsp;y eficaces.<\/p>\n<p>Act\u00faa intensamente sobre todo tipo de arrugas, incluso las m\u00e1s profundas. Alisa la epidermis, ofreciendo un aspecto fresco y renovado. Ofrece confort inmediato.<\/p>\n<p>Su aplicaci\u00f3n diaria en sinergia con la leche tratante y&nbsp;loci\u00f3n P50 adaptadas al Instante de Piel, rejuvenece las&nbsp;pieles envejecidas,&nbsp;y previene la aparici\u00f3n de arrugas:<\/p>\n<\/div>\n<div>&nbsp;<\/div>\n<p> Modo de uso <\/p>\n<p>Despu\u00e9s de la utilizaci\u00f3n de la leche y la loci\u00f3n P50 aconsejada, aplicar una nuez de Cr\u00e8me Elastine Marine sobre escote, cuello y cara, evitando el contorno de los ojos. Esta crema puede utilizarse de d\u00eda y noche.<\/p>\n<p> Formato <\/p>\n<p>50ml<\/p>\n<p> Ingredientes principales: <\/p>\n<ul>\n<li>Agentes hidratantes y regenerantes<\/li>\n<li>Extracto de Centella Asi\u00e1tica<\/li>\n<li>Extracto de Levadura de Cerveza<\/li>\n<li>Agentes antiarrugas<\/li>\n<li>Elastina Marina<\/li>\n<li>Agentes reparadores y revitalizantes<\/li>\n<li>S\u00e8rum Grand Mill\u00e9sime<\/li>\n<\/ul>\n","protected":false},"excerpt":{"rendered":"<p>\u2022 ANTIARRUGAS \u2022 HIDRATANTE \u2022 REGENERANTE<\/p>\n","protected":false},"featured_media":843,"comment_status":"open","ping_status":"closed","template":"","meta":{"_joinchat":[]},"product_brand":[],"product_cat":[77,59,74],"product_tag":[],"class_list":{"0":"post-842","1":"product","2":"type-product","3":"status-publish","4":"has-post-thumbnail","6":"product_cat-biologique-recherche","7":"product_cat-facial","8":"product_cat-hidratantes","10":"first","11":"outofstock","12":"shipping-taxable","13":"purchasable","14":"product-type-simple"},"_links":{"self":[{"href":"https:\/\/momajavea.com\/en\/wp-json\/wp\/v2\/product\/842","targetHints":{"allow":["GET"]}}],"collection":[{"href":"https:\/\/momajavea.com\/en\/wp-json\/wp\/v2\/product"}],"about":[{"href":"https:\/\/momajavea.com\/en\/wp-json\/wp\/v2\/types\/product"}],"replies":[{"embeddable":true,"href":"https:\/\/momajavea.com\/en\/wp-json\/wp\/v2\/comments?post=842"}],"wp:featuredmedia":[{"embeddable":true,"href":"https:\/\/momajavea.com\/en\/wp-json\/wp\/v2\/media\/843"}],"wp:attachment":[{"href":"https:\/\/momajavea.com\/en\/wp-json\/wp\/v2\/media?parent=842"}],"wp:term":[{"taxonomy":"product_brand","embeddable":true,"href":"https:\/\/momajavea.com\/en\/wp-json\/wp\/v2\/product_brand?post=842"},{"taxonomy":"product_cat","embeddable":true,"href":"https:\/\/momajavea.com\/en\/wp-json\/wp\/v2\/product_cat?post=842"},{"taxonomy":"product_tag","embeddable":true,"href":"https:\/\/momajavea.com\/en\/wp-json\/wp\/v2\/product_tag?post=842"}],"curies":[{"name":"wp","href":"https:\/\/api.w.org\/{rel}","templated":true}]}}