{"id":840,"date":"2024-01-15T15:25:47","date_gmt":"2024-01-15T15:25:47","guid":{"rendered":"https:\/\/momajavea.testdcip.com\/?post_type=product&#038;p=840"},"modified":"2024-09-05T15:38:20","modified_gmt":"2024-09-05T15:38:20","slug":"creme-dermo-rl-biologique-recherche","status":"publish","type":"product","link":"https:\/\/momajavea.com\/en\/producto\/creme-dermo-rl-biologique-recherche\/","title":{"rendered":"CREME DERMO RL &#8211;   BIOLOGIQUE RECHERCHE"},"content":{"rendered":"<p>Descripci\u00f3n <\/p>\n<div>\n<p>Aut\u00e9ntico escudo epid\u00e9rmico, la Cr\u00e8me Dermo-RL es un tratamiento completo, reacondicionante y protector.<\/p>\n<p>Su f\u00f3rmula enriquecida con Manteca de Karit\u00e9 y Aceite de Algod\u00f3n mejora la calidad de los l\u00edpidos epid\u00e9rmicos, limitando la p\u00e9rdida insensible de agua.<\/p>\n<p>Refuerza el efecto barrera y reconforta la epidermis. Concentrada en \u00c1cido Hialur\u00f3nico, asegura un plus de hidrataci\u00f3n, fundamental para las pieles m\u00e1s secas y desnutridas, al tiempo que elimina las arrugas de deshidrataci\u00f3n.<\/p>\n<p>Recomendada para Instantes de Pielcarente de l\u00edpidos y fuertemente deshidratada<\/p>\n<p>Act\u00faa intensamente sobre todo tipo de arrugas, incluso las m\u00e1s profundas. Alisa la epidermis, ofreciendo un aspecto fresco y renovado. Ofrece confort inmediato.<\/p>\n<p>&nbsp;<\/p>\n<\/div>\n<div>&nbsp;<\/div>\n<p> Modo de uso <\/p>\n<p>1. Aplicar una peque\u00f1a cantidad de producto ma\u00f1ana y\/o noche en rostro, cuello y escote, tras la aplicaci\u00f3n de la leche, la Loci\u00f3n P50 y el s\u00e9rum recomendado.<\/p>\n<p>2. Se aconseja su uso en combinaci\u00f3n con S\u00e9rum Colostrum VG, para aumentar la hidrataci\u00f3n en las pieles m\u00e1s desnutridas<\/p>\n<p> Formato <\/p>\n<p>50ml<\/p>\n<p> Consejos <\/p>\n<p>&nbsp;<\/p>\n","protected":false},"excerpt":{"rendered":"<p>\u2022 REACONDICIONANTE \u2022 REPONEDOR DE L\u00cdPIDOS \u2022 REGENERANTE<\/p>\n","protected":false},"featured_media":841,"comment_status":"open","ping_status":"closed","template":"","meta":{"_joinchat":[]},"product_brand":[],"product_cat":[77,59,74],"product_tag":[],"class_list":{"0":"post-840","1":"product","2":"type-product","3":"status-publish","4":"has-post-thumbnail","6":"product_cat-biologique-recherche","7":"product_cat-facial","8":"product_cat-hidratantes","10":"first","11":"outofstock","12":"shipping-taxable","13":"purchasable","14":"product-type-simple"},"_links":{"self":[{"href":"https:\/\/momajavea.com\/en\/wp-json\/wp\/v2\/product\/840","targetHints":{"allow":["GET"]}}],"collection":[{"href":"https:\/\/momajavea.com\/en\/wp-json\/wp\/v2\/product"}],"about":[{"href":"https:\/\/momajavea.com\/en\/wp-json\/wp\/v2\/types\/product"}],"replies":[{"embeddable":true,"href":"https:\/\/momajavea.com\/en\/wp-json\/wp\/v2\/comments?post=840"}],"wp:featuredmedia":[{"embeddable":true,"href":"https:\/\/momajavea.com\/en\/wp-json\/wp\/v2\/media\/841"}],"wp:attachment":[{"href":"https:\/\/momajavea.com\/en\/wp-json\/wp\/v2\/media?parent=840"}],"wp:term":[{"taxonomy":"product_brand","embeddable":true,"href":"https:\/\/momajavea.com\/en\/wp-json\/wp\/v2\/product_brand?post=840"},{"taxonomy":"product_cat","embeddable":true,"href":"https:\/\/momajavea.com\/en\/wp-json\/wp\/v2\/product_cat?post=840"},{"taxonomy":"product_tag","embeddable":true,"href":"https:\/\/momajavea.com\/en\/wp-json\/wp\/v2\/product_tag?post=840"}],"curies":[{"name":"wp","href":"https:\/\/api.w.org\/{rel}","templated":true}]}}