{"id":838,"date":"2024-01-15T15:25:46","date_gmt":"2024-01-15T15:25:46","guid":{"rendered":"https:\/\/momajavea.testdcip.com\/?post_type=product&#038;p=838"},"modified":"2024-09-05T15:38:39","modified_gmt":"2024-09-05T15:38:39","slug":"creme-adn-metamorphique-biologique-recherche","status":"publish","type":"product","link":"https:\/\/momajavea.com\/en\/producto\/creme-adn-metamorphique-biologique-recherche\/","title":{"rendered":"CR\u00c9ME ADN M\u00e9tamorphique-   BIOLOGIQUE RECHERCHE"},"content":{"rendered":"<p>Descripci\u00f3n <\/p>\n<div>\n<p>La Cr\u00e8me ADN M\u00e9tamorphique lucha activamente contra la relajaci\u00f3n de los tejidos, corrige la flacidez y redefine el \u00f3valo facial. Esculpe los contornos y vol\u00famenes del rostro, generando un verdadero &#8220;&#8221;efecto lifting&#8221;&#8221;.<\/p>\n<p>La piel recupera la elasticidad y firmeza.<\/p>\n<p>Recomendada para los Instantes de Piel maduros, carentes de volumen y con signos de flacidez.<\/p>\n<\/div>\n<div>&nbsp;<\/div>\n<p> Modo de uso <\/p>\n<p>1. Despu\u00e9s de la preparaci\u00f3n de la piel con la leche tratante, la loci\u00f3n P50 y el s\u00e9rum adaptados, aplicar ma\u00f1ana y\/o noche, sobre la totalidad de escote, cuello y cara.<\/p>\n<p>2. Se recomienda su uso en combinaci\u00f3n con S\u00e9rum 3R, para un rejuvenecimiento integral. Para una acci\u00f3n m\u00e1s profunda sobre el \u00f3valo facial, se aconseja la aplicaci\u00f3n de Platysma (1 vez por semana).<\/p>\n<p>3. Conservar el envase protegido de la luz directa y fuentes intensas de calor. Solo uso externo. Evitar el contacto con los ojos.<\/p>\n<p> Formato <\/p>\n<p>50ml<\/p>\n<p> Consejos <\/p>\n<p>&nbsp;<\/p>\n","protected":false},"excerpt":{"rendered":"<p>\u2022 REAFIRMANTE \u2022 REESTRUCTURANTE \u2022 TENSOR<\/p>\n","protected":false},"featured_media":839,"comment_status":"open","ping_status":"closed","template":"","meta":{"_joinchat":[]},"product_brand":[],"product_cat":[77,59,74],"product_tag":[],"class_list":{"0":"post-838","1":"product","2":"type-product","3":"status-publish","4":"has-post-thumbnail","6":"product_cat-biologique-recherche","7":"product_cat-facial","8":"product_cat-hidratantes","10":"first","11":"outofstock","12":"shipping-taxable","13":"purchasable","14":"product-type-simple"},"_links":{"self":[{"href":"https:\/\/momajavea.com\/en\/wp-json\/wp\/v2\/product\/838","targetHints":{"allow":["GET"]}}],"collection":[{"href":"https:\/\/momajavea.com\/en\/wp-json\/wp\/v2\/product"}],"about":[{"href":"https:\/\/momajavea.com\/en\/wp-json\/wp\/v2\/types\/product"}],"replies":[{"embeddable":true,"href":"https:\/\/momajavea.com\/en\/wp-json\/wp\/v2\/comments?post=838"}],"wp:featuredmedia":[{"embeddable":true,"href":"https:\/\/momajavea.com\/en\/wp-json\/wp\/v2\/media\/839"}],"wp:attachment":[{"href":"https:\/\/momajavea.com\/en\/wp-json\/wp\/v2\/media?parent=838"}],"wp:term":[{"taxonomy":"product_brand","embeddable":true,"href":"https:\/\/momajavea.com\/en\/wp-json\/wp\/v2\/product_brand?post=838"},{"taxonomy":"product_cat","embeddable":true,"href":"https:\/\/momajavea.com\/en\/wp-json\/wp\/v2\/product_cat?post=838"},{"taxonomy":"product_tag","embeddable":true,"href":"https:\/\/momajavea.com\/en\/wp-json\/wp\/v2\/product_tag?post=838"}],"curies":[{"name":"wp","href":"https:\/\/api.w.org\/{rel}","templated":true}]}}