{"id":836,"date":"2024-01-15T15:25:46","date_gmt":"2024-01-15T15:25:46","guid":{"rendered":"https:\/\/momajavea.testdcip.com\/?post_type=product&#038;p=836"},"modified":"2024-09-05T15:38:34","modified_gmt":"2024-09-05T15:38:34","slug":"creme-contour-yeux-et-levres-biofixine-biologique-recherche","status":"publish","type":"product","link":"https:\/\/momajavea.com\/en\/producto\/creme-contour-yeux-et-levres-biofixine-biologique-recherche\/","title":{"rendered":"CR\u00c8ME CONTOUR Yeux et L\u00e8vres Biofixine &#8211;   BIOLOGIQUE RECHERCHE"},"content":{"rendered":"<p>Descripci\u00f3n <\/p>\n<div>\n<p>Cr\u00e8me Contour Yeux et L\u00e8vres Biofixine es un verdadero tratamiento de rejuvenecimiento facial, para \u00e1reas espec\u00edficas del rostro. Rellena las arrugas y las l\u00edneas de expresi\u00f3n.<\/p>\n<p>Su f\u00f3rmula concentrada en principios activos antioxidantes, protege la piel de las agresiones externas para prevenir el envejecimiento cut\u00e1neo.<\/p>\n<p>Un aut\u00e9ntico efecto lifting para las arrugas del contorno de ojos y un efecto redensificador para el contorno de los labios.<\/p>\n<p>Recomendado para los Instantes de Piel con signos de envejecimiento<\/p>\n<\/div>\n<div>&nbsp;<\/div>\n<p> Modo de uso <\/p>\n<p>1. Aplicar \u00fanicamente por las ma\u00f1anas. Utilizar el aplicador, deslizando suavemente el producto alrededor de los p\u00e1rpados. En el p\u00e1rpado inferior, comenzar la aplicaci\u00f3n desde la sien hacia el lagrimal, y continuar hacia el p\u00e1rpado superior. En los labios, bordear el contorno con la ayuda del aplicador.<\/p>\n<p>2. Se aconseja su uso en combinaci\u00f3n con S\u00e9rum Elastine, para reducir las arrugas y devover el confort a los contornos deshidratados y envejecidos.<\/p>\n<p>5. Evitar su aplicaci\u00f3n por las noches.<\/p>\n<p>6. Conservar el envase protegido de la luz directa y fuentes intensas de calor<\/p>\n<p> Formato <\/p>\n<p>15 ml<\/p>\n<p> Consejos <\/p>\n<p>&nbsp;<\/p>\n","protected":false},"excerpt":{"rendered":"<p>\u2022 ANTIARRUGAS \u2022 RELLENO \u2022 RELLENADOR&nbsp;<\/p>\n<p>Crema contorno de ojos y labios antiedad<\/p>\n","protected":false},"featured_media":837,"comment_status":"open","ping_status":"closed","template":"","meta":{"_joinchat":[]},"product_brand":[],"product_cat":[77,63,59],"product_tag":[],"class_list":{"0":"post-836","1":"product","2":"type-product","3":"status-publish","4":"has-post-thumbnail","6":"product_cat-biologique-recherche","7":"product_cat-contorno-de-ojos-y-labios","8":"product_cat-facial","10":"first","11":"outofstock","12":"shipping-taxable","13":"purchasable","14":"product-type-simple"},"_links":{"self":[{"href":"https:\/\/momajavea.com\/en\/wp-json\/wp\/v2\/product\/836","targetHints":{"allow":["GET"]}}],"collection":[{"href":"https:\/\/momajavea.com\/en\/wp-json\/wp\/v2\/product"}],"about":[{"href":"https:\/\/momajavea.com\/en\/wp-json\/wp\/v2\/types\/product"}],"replies":[{"embeddable":true,"href":"https:\/\/momajavea.com\/en\/wp-json\/wp\/v2\/comments?post=836"}],"wp:featuredmedia":[{"embeddable":true,"href":"https:\/\/momajavea.com\/en\/wp-json\/wp\/v2\/media\/837"}],"wp:attachment":[{"href":"https:\/\/momajavea.com\/en\/wp-json\/wp\/v2\/media?parent=836"}],"wp:term":[{"taxonomy":"product_brand","embeddable":true,"href":"https:\/\/momajavea.com\/en\/wp-json\/wp\/v2\/product_brand?post=836"},{"taxonomy":"product_cat","embeddable":true,"href":"https:\/\/momajavea.com\/en\/wp-json\/wp\/v2\/product_cat?post=836"},{"taxonomy":"product_tag","embeddable":true,"href":"https:\/\/momajavea.com\/en\/wp-json\/wp\/v2\/product_tag?post=836"}],"curies":[{"name":"wp","href":"https:\/\/api.w.org\/{rel}","templated":true}]}}