{"id":834,"date":"2024-01-15T15:25:45","date_gmt":"2024-01-15T15:25:45","guid":{"rendered":"https:\/\/momajavea.testdcip.com\/?post_type=product&#038;p=834"},"modified":"2024-09-05T15:38:47","modified_gmt":"2024-09-05T15:38:47","slug":"serum-grand-millesime-biologique-recherche","status":"publish","type":"product","link":"https:\/\/momajavea.com\/en\/producto\/serum-grand-millesime-biologique-recherche\/","title":{"rendered":"SERUM GRAND MILLESIME  &#8211;   BIOLOGIQUE RECHERCHE"},"content":{"rendered":"<p>Descripci\u00f3n <\/p>\n<div>\n<p>S\u00e9rum Grand Mill\u00e9sime, enriquecido con principios activos regenerantes y antioxidantes, combate las huellas del paso del tiempo y refuerza el sistema natural de defensa de la piel. Reacondiciona la epidermis, potencia la luminosidad del rostro y descubre su belleza natural.<\/p>\n<p>Recomendado para los Instantes de Piel envejecida<\/p>\n<\/div>\n<div>&nbsp;<\/div>\n<p> Modo de uso <\/p>\n<p>1. Despu\u00e9s de la preparaci\u00f3n de la piel y la aplicaci\u00f3n de la crema de cuidado habitual, retirar unas gotas en la palma de la mano, y repartir sobre la totalidad de cara, cuello y escote.<\/p>\n<p>2. Este producto se aplica generalmente como toque final del cuidado facial, a continuaci\u00f3n de la crema de tratamiento. En zonas calurosas y h\u00famedas, puede sustituir perfectamente a la crema, para sentir la piel m\u00e1s fresca y ligera.<\/p>\n<p>3. Para un efecto flash, utilizar primero el fluido, y a continuaci\u00f3n aplicar S\u00e9rum de Teint de manera uniforme sobre cara, cuello y escote<\/p>\n<p>5. Conservar el envase protegido de la luz directa y fuentes intensas de calor.<\/p>\n<p> Formato <\/p>\n<p>8 ml<\/p>\n<p> Consejos <\/p>\n<p>&nbsp;<\/p>\n","protected":false},"excerpt":{"rendered":"<p>\u2022 ALISADORA \u2022 REGENERANTE \u2022 TONIFICANTE<\/p>\n","protected":false},"featured_media":835,"comment_status":"open","ping_status":"closed","template":"","meta":{"_joinchat":[]},"product_brand":[],"product_cat":[77,59,56],"product_tag":[],"class_list":{"0":"post-834","1":"product","2":"type-product","3":"status-publish","4":"has-post-thumbnail","6":"product_cat-biologique-recherche","7":"product_cat-facial","8":"product_cat-serums","10":"first","11":"outofstock","12":"shipping-taxable","13":"purchasable","14":"product-type-simple"},"_links":{"self":[{"href":"https:\/\/momajavea.com\/en\/wp-json\/wp\/v2\/product\/834","targetHints":{"allow":["GET"]}}],"collection":[{"href":"https:\/\/momajavea.com\/en\/wp-json\/wp\/v2\/product"}],"about":[{"href":"https:\/\/momajavea.com\/en\/wp-json\/wp\/v2\/types\/product"}],"replies":[{"embeddable":true,"href":"https:\/\/momajavea.com\/en\/wp-json\/wp\/v2\/comments?post=834"}],"wp:featuredmedia":[{"embeddable":true,"href":"https:\/\/momajavea.com\/en\/wp-json\/wp\/v2\/media\/835"}],"wp:attachment":[{"href":"https:\/\/momajavea.com\/en\/wp-json\/wp\/v2\/media?parent=834"}],"wp:term":[{"taxonomy":"product_brand","embeddable":true,"href":"https:\/\/momajavea.com\/en\/wp-json\/wp\/v2\/product_brand?post=834"},{"taxonomy":"product_cat","embeddable":true,"href":"https:\/\/momajavea.com\/en\/wp-json\/wp\/v2\/product_cat?post=834"},{"taxonomy":"product_tag","embeddable":true,"href":"https:\/\/momajavea.com\/en\/wp-json\/wp\/v2\/product_tag?post=834"}],"curies":[{"name":"wp","href":"https:\/\/api.w.org\/{rel}","templated":true}]}}