{"id":832,"date":"2024-01-15T15:25:45","date_gmt":"2024-01-15T15:25:45","guid":{"rendered":"https:\/\/momajavea.testdcip.com\/?post_type=product&#038;p=832"},"modified":"2024-09-05T15:38:57","modified_gmt":"2024-09-05T15:38:57","slug":"serum-collagene-originel-biologique-recherche","status":"publish","type":"product","link":"https:\/\/momajavea.com\/en\/producto\/serum-collagene-originel-biologique-recherche\/","title":{"rendered":"SERUM COLLAG\u00c9NE ORIGINEL &#8211;   BIOLOGIQUE RECHERCHE"},"content":{"rendered":"<p>Descripci\u00f3n <\/p>\n<div>\n<p>S\u00e9rum Collag\u00e9ne Originel corrige el deterioro d\u00e9rmico en tiempo r\u00e9cord. Favorece la s\u00edntesis de col\u00e1geno tisular, retensa y alisa la epidermis. Su efecto redensificante permite rellenar pliegues y surcos, reduciendo significativamente la profundidad y longitud de las arrugas instaladas.<\/p>\n<p>Especialmente recomendado para los Instantes de Piel sometidos al envejecimiento cut\u00e1neo.<\/p>\n<\/div>\n<p> Modo de uso <\/p>\n<p>1. Despu\u00e9s de la preparaci\u00f3n de la piel con la leche tratante y la loci\u00f3n P50 adaptadas, aplicar unas gotas del s\u00e9rum sobre la totalidad de escote, cuello y cara. Masajear en sentido ascendente, hasta la total absorci\u00f3n del producto.<\/p>\n<p>2. Se aconseja su uso en combinaci\u00f3n con Masque Biofixine (2 veces por semana), para potenciar la acci\u00f3n antiarrugas y la definici\u00f3n del contorno facial.<\/p>\n<p> Formato <\/p>\n<p>8 ml<\/p>\n<p> Consejos <\/p>\n<p>&nbsp;<\/p>\n","protected":false},"excerpt":{"rendered":"<p>\u2022 ANTIARRUGAS&nbsp; \u2022&nbsp; REDENSIFICANTE 3D<\/p>\n","protected":false},"featured_media":833,"comment_status":"open","ping_status":"closed","template":"","meta":{"_joinchat":[]},"product_brand":[],"product_cat":[77,59,56],"product_tag":[],"class_list":{"0":"post-832","1":"product","2":"type-product","3":"status-publish","4":"has-post-thumbnail","6":"product_cat-biologique-recherche","7":"product_cat-facial","8":"product_cat-serums","10":"first","11":"outofstock","12":"shipping-taxable","13":"purchasable","14":"product-type-simple"},"_links":{"self":[{"href":"https:\/\/momajavea.com\/en\/wp-json\/wp\/v2\/product\/832","targetHints":{"allow":["GET"]}}],"collection":[{"href":"https:\/\/momajavea.com\/en\/wp-json\/wp\/v2\/product"}],"about":[{"href":"https:\/\/momajavea.com\/en\/wp-json\/wp\/v2\/types\/product"}],"replies":[{"embeddable":true,"href":"https:\/\/momajavea.com\/en\/wp-json\/wp\/v2\/comments?post=832"}],"wp:featuredmedia":[{"embeddable":true,"href":"https:\/\/momajavea.com\/en\/wp-json\/wp\/v2\/media\/833"}],"wp:attachment":[{"href":"https:\/\/momajavea.com\/en\/wp-json\/wp\/v2\/media?parent=832"}],"wp:term":[{"taxonomy":"product_brand","embeddable":true,"href":"https:\/\/momajavea.com\/en\/wp-json\/wp\/v2\/product_brand?post=832"},{"taxonomy":"product_cat","embeddable":true,"href":"https:\/\/momajavea.com\/en\/wp-json\/wp\/v2\/product_cat?post=832"},{"taxonomy":"product_tag","embeddable":true,"href":"https:\/\/momajavea.com\/en\/wp-json\/wp\/v2\/product_tag?post=832"}],"curies":[{"name":"wp","href":"https:\/\/api.w.org\/{rel}","templated":true}]}}