{"id":830,"date":"2024-01-15T15:25:44","date_gmt":"2024-01-15T15:25:44","guid":{"rendered":"https:\/\/momajavea.testdcip.com\/?post_type=product&#038;p=830"},"modified":"2024-09-05T15:39:02","modified_gmt":"2024-09-05T15:39:02","slug":"serum-colostrum-vg-biologique-recherche","status":"publish","type":"product","link":"https:\/\/momajavea.com\/en\/producto\/serum-colostrum-vg-biologique-recherche\/","title":{"rendered":"SERUM COLOSTRUM VG &#8211;   BIOLOGIQUE RECHERCHE"},"content":{"rendered":"<p>Descripci\u00f3n <\/p>\n<p>El S\u00e9rum Colostrum VG de Biologique Recherche es un estupendo suero que ayuda a combatir la p\u00e9rdida de agua de la propia piel, algo muy importante puesto que el agua es el principal constituyente del ser humano. Gracias a su efecto, el Serum Colostrum VG act\u00faa sobre los diferentes grados de deshidrataci\u00f3n, para corregir estas carencias de manera eficaz y lograr una piel mucho m\u00e1s nutrida e hidratada.<\/p>\n<p>Aporta una hidrataci\u00f3n duradera, dejando la piel mucho m\u00e1s nutrida, renovada, confortable y flexible. Una cura intensiva de acci\u00f3n prologada, que completa el cuidado de las pieles m\u00e1s inestables, recuperando con ello el equilibrio entre el agua y l\u00edpido, e impidiendo la p\u00e9rdida insensible de agua.&nbsp;<\/p>\n<p> Modo de uso <\/p>\n<p>1. Despu\u00e9s de la preparaci\u00f3n de la piel con la leche tratante y la loci\u00f3n P50 adaptadas, aplicar unas gotas del s\u00e9rum sobre la totalidad de escote, cuello y cara. Masajear en sentido ascendente, hasta la total absorci\u00f3n del producto.<\/p>\n<p>&nbsp;<\/p>\n<p> Formato <\/p>\n<p>8 ml<\/p>\n<p> Consejos <\/p>\n<p>&nbsp;<\/p>\n","protected":false},"excerpt":{"rendered":"<p>\u2022 ANTIARRUGAS&nbsp; \u2022&nbsp; HIDRATANTE&nbsp;<\/p>\n","protected":false},"featured_media":831,"comment_status":"open","ping_status":"closed","template":"","meta":{"_joinchat":[]},"product_brand":[],"product_cat":[77,59,56],"product_tag":[],"class_list":{"0":"post-830","1":"product","2":"type-product","3":"status-publish","4":"has-post-thumbnail","6":"product_cat-biologique-recherche","7":"product_cat-facial","8":"product_cat-serums","10":"first","11":"outofstock","12":"shipping-taxable","13":"purchasable","14":"product-type-simple"},"_links":{"self":[{"href":"https:\/\/momajavea.com\/en\/wp-json\/wp\/v2\/product\/830","targetHints":{"allow":["GET"]}}],"collection":[{"href":"https:\/\/momajavea.com\/en\/wp-json\/wp\/v2\/product"}],"about":[{"href":"https:\/\/momajavea.com\/en\/wp-json\/wp\/v2\/types\/product"}],"replies":[{"embeddable":true,"href":"https:\/\/momajavea.com\/en\/wp-json\/wp\/v2\/comments?post=830"}],"wp:featuredmedia":[{"embeddable":true,"href":"https:\/\/momajavea.com\/en\/wp-json\/wp\/v2\/media\/831"}],"wp:attachment":[{"href":"https:\/\/momajavea.com\/en\/wp-json\/wp\/v2\/media?parent=830"}],"wp:term":[{"taxonomy":"product_brand","embeddable":true,"href":"https:\/\/momajavea.com\/en\/wp-json\/wp\/v2\/product_brand?post=830"},{"taxonomy":"product_cat","embeddable":true,"href":"https:\/\/momajavea.com\/en\/wp-json\/wp\/v2\/product_cat?post=830"},{"taxonomy":"product_tag","embeddable":true,"href":"https:\/\/momajavea.com\/en\/wp-json\/wp\/v2\/product_tag?post=830"}],"curies":[{"name":"wp","href":"https:\/\/api.w.org\/{rel}","templated":true}]}}