{"id":828,"date":"2024-01-15T15:25:44","date_gmt":"2024-01-15T15:25:44","guid":{"rendered":"https:\/\/momajavea.testdcip.com\/?post_type=product&#038;p=828"},"modified":"2024-09-05T15:39:09","modified_gmt":"2024-09-05T15:39:09","slug":"serum-vg-tensil-biologique-recherche","status":"publish","type":"product","link":"https:\/\/momajavea.com\/en\/producto\/serum-vg-tensil-biologique-recherche\/","title":{"rendered":"SERUM VG TENSIL &#8211;   BIOLOGIQUE RECHERCHE"},"content":{"rendered":"<p>Descripci\u00f3n <\/p>\n<p>Aut\u00e9ntico tratamiento antiarrugas, el s\u00e9rum Elastine estimula la s\u00edntesis de elastina, la prote\u00edna responsable de la elasticidad cut\u00e1nea. Reduce las l\u00edneas de expresi\u00f3n, alisa las arrugas y previene su aparici\u00f3n. La piel se rejuvenece, luce tersa y vital.<\/p>\n<p>Es el suero de elecci\u00f3n para el contorno de ojos envejecido<\/p>\n<p>Recomendado para los Instantes de Piel joven, prematuramente envejecida<\/p>\n<p> Modo de uso <\/p>\n<p>1. Despu\u00e9s de la preparaci\u00f3n de la piel con la leche tratante y la loci\u00f3n P50 adaptadas, aplicar unas gotas del s\u00e9rum sobre la totalidad de escote , cuello y cara, incluido el contorno de los ojos. Masajear en sentido ascendente hasta la completa absorci\u00f3n del producto.<\/p>\n<p>2. Por las noches, en lugar de la crema espec\u00edfica para el contorno de los ojos, aplicar unas gotas de este s\u00e9rum.<\/p>\n<p>3. Para un efecto m\u00e1s r\u00e1pido y eficaz, aplicar siempre antes de la crema. En mantenimiento, se pueden mezclar unas gotas del s\u00e9rum con la crema de cuidado habitual.<\/p>\n<p> Formato <\/p>\n<p>8 ml<\/p>\n<p> Consejos <\/p>\n<p>&nbsp;<\/p>\n","protected":false},"excerpt":{"rendered":"<p>\u2022 ANTIARRUGAS \u2022 ALISADORA<\/p>\n","protected":false},"featured_media":829,"comment_status":"open","ping_status":"closed","template":"","meta":{"_joinchat":[]},"product_brand":[],"product_cat":[77,59,56],"product_tag":[],"class_list":{"0":"post-828","1":"product","2":"type-product","3":"status-publish","4":"has-post-thumbnail","6":"product_cat-biologique-recherche","7":"product_cat-facial","8":"product_cat-serums","10":"first","11":"outofstock","12":"shipping-taxable","13":"purchasable","14":"product-type-simple"},"_links":{"self":[{"href":"https:\/\/momajavea.com\/en\/wp-json\/wp\/v2\/product\/828","targetHints":{"allow":["GET"]}}],"collection":[{"href":"https:\/\/momajavea.com\/en\/wp-json\/wp\/v2\/product"}],"about":[{"href":"https:\/\/momajavea.com\/en\/wp-json\/wp\/v2\/types\/product"}],"replies":[{"embeddable":true,"href":"https:\/\/momajavea.com\/en\/wp-json\/wp\/v2\/comments?post=828"}],"wp:featuredmedia":[{"embeddable":true,"href":"https:\/\/momajavea.com\/en\/wp-json\/wp\/v2\/media\/829"}],"wp:attachment":[{"href":"https:\/\/momajavea.com\/en\/wp-json\/wp\/v2\/media?parent=828"}],"wp:term":[{"taxonomy":"product_brand","embeddable":true,"href":"https:\/\/momajavea.com\/en\/wp-json\/wp\/v2\/product_brand?post=828"},{"taxonomy":"product_cat","embeddable":true,"href":"https:\/\/momajavea.com\/en\/wp-json\/wp\/v2\/product_cat?post=828"},{"taxonomy":"product_tag","embeddable":true,"href":"https:\/\/momajavea.com\/en\/wp-json\/wp\/v2\/product_tag?post=828"}],"curies":[{"name":"wp","href":"https:\/\/api.w.org\/{rel}","templated":true}]}}